{"id":43,"date":"2025-11-05T16:51:21","date_gmt":"2025-11-05T15:51:21","guid":{"rendered":"http:\/\/localhost:8888\/de-alba-propiedades\/?page_id=43"},"modified":"2025-12-04T18:09:38","modified_gmt":"2025-12-04T17:09:38","slug":"inicio","status":"publish","type":"page","link":"https:\/\/dealbapropiedades.com.mx\/","title":{"rendered":"Inicio"},"content":{"rendered":"\t\t<div data-elementor-type=\"wp-page\" data-elementor-id=\"43\" class=\"elementor elementor-43\">\n\t\t\t\t<div class=\"elementor-element elementor-element-6e4c2bf e-flex e-con-boxed e-con e-parent\" data-id=\"6e4c2bf\" data-element_type=\"container\">\n\t\t\t\t\t<div class=\"e-con-inner\">\n\t\t\t\t<div class=\"elementor-element elementor-element-3a15009 elementor-widget elementor-widget-heading\" data-id=\"3a15009\" data-element_type=\"widget\" data-widget_type=\"heading.default\">\n\t\t\t\t\t<h2 class=\"elementor-heading-title elementor-size-default\">Transformamos Propiedades. Solucionamos Problemas.<\/h2>\t\t\t\t<\/div>\n\t\t\t\t\t<\/div>\n\t\t\t\t<\/div>\n\t\t<div class=\"elementor-element elementor-element-6481837 e-con-full e-flex e-con e-parent\" data-id=\"6481837\" data-element_type=\"container\" id=\"inicio.\" data-settings=\"{&quot;background_background&quot;:&quot;classic&quot;}\">\n\t\t\t\t<\/div>\n\t\t<div class=\"elementor-element elementor-element-f282246 e-flex e-con-boxed e-con e-parent\" data-id=\"f282246\" data-element_type=\"container\" id=\"nosotros.\" data-settings=\"{&quot;background_background&quot;:&quot;classic&quot;}\">\n\t\t\t\t\t<div class=\"e-con-inner\">\n\t\t<div class=\"elementor-element elementor-element-ad188ca e-con-full e-flex e-con e-child\" data-id=\"ad188ca\" data-element_type=\"container\">\n\t\t\t\t<div class=\"elementor-element elementor-element-3310b91 elementor-widget elementor-widget-heading\" data-id=\"3310b91\" data-element_type=\"widget\" data-widget_type=\"heading.default\">\n\t\t\t\t\t<h2 class=\"elementor-heading-title elementor-size-default\">\"Somos De Alba Propiedades\"<\/h2>\t\t\t\t<\/div>\n\t\t\t\t<div class=\"elementor-element elementor-element-f3f1611 elementor-widget elementor-widget-text-editor\" data-id=\"f3f1611\" data-element_type=\"widget\" data-widget_type=\"text-editor.default\">\n\t\t\t\t\t\t\t\t\t<p><b>\u00bfQui\u00e9nes somos?<\/b> Somos <b>De Alba Propiedades<\/b>, un equipo de solucionadores apasionados por la revitalizaci\u00f3n de espacios en la Zona Metropolitana de Guadalajara. No solo vemos ladrillos; vemos el potencial en cada rinc\u00f3n, la historia que espera ser reescrita y el hogar que est\u00e1 por nacer. Nuestra experiencia combina un profundo conocimiento del mercado local con una ejecuci\u00f3n impecable en dise\u00f1o y gesti\u00f3n.<\/p>\t\t\t\t\t\t\t\t<\/div>\n\t\t\t\t<\/div>\n\t\t<div class=\"elementor-element elementor-element-64ce907 e-con-full e-flex e-con e-child\" data-id=\"64ce907\" data-element_type=\"container\">\n\t\t\t\t<div class=\"elementor-element elementor-element-c0f1e2a elementor-widget elementor-widget-image\" data-id=\"c0f1e2a\" data-element_type=\"widget\" data-widget_type=\"image.default\">\n\t\t\t\t\t\t\t\t\t\t\t\t\t\t\t<img fetchpriority=\"high\" decoding=\"async\" width=\"768\" height=\"768\" src=\"https:\/\/dealbapropiedades.com.mx\/wp-content\/uploads\/2025\/11\/ChatGPT-Image-5-nov-2025-09_29_03-a.m-768x768.png\" class=\"attachment-medium_large size-medium_large wp-image-48\" alt=\"\" srcset=\"https:\/\/dealbapropiedades.com.mx\/wp-content\/uploads\/2025\/11\/ChatGPT-Image-5-nov-2025-09_29_03-a.m-768x768.png 768w, https:\/\/dealbapropiedades.com.mx\/wp-content\/uploads\/2025\/11\/ChatGPT-Image-5-nov-2025-09_29_03-a.m-300x300.png 300w, https:\/\/dealbapropiedades.com.mx\/wp-content\/uploads\/2025\/11\/ChatGPT-Image-5-nov-2025-09_29_03-a.m-150x150.png 150w, https:\/\/dealbapropiedades.com.mx\/wp-content\/uploads\/2025\/11\/ChatGPT-Image-5-nov-2025-09_29_03-a.m.png 1024w\" sizes=\"(max-width: 768px) 100vw, 768px\" \/>\t\t\t\t\t\t\t\t\t\t\t\t\t\t\t<\/div>\n\t\t\t\t<\/div>\n\t\t\t\t\t<\/div>\n\t\t\t\t<\/div>\n\t\t<div class=\"elementor-element elementor-element-d478aea e-flex e-con-boxed e-con e-parent\" data-id=\"d478aea\" data-element_type=\"container\" id=\"&quot;Traspasos Infonavit&quot;\" data-settings=\"{&quot;background_background&quot;:&quot;classic&quot;}\">\n\t\t\t\t\t<div class=\"e-con-inner\">\n\t\t\t\t<div class=\"elementor-element elementor-element-7edd70c elementor-widget elementor-widget-heading\" data-id=\"7edd70c\" data-element_type=\"widget\" data-widget_type=\"heading.default\">\n\t\t\t\t\t<h2 class=\"elementor-heading-title elementor-size-default\">\"Nuestras Especialidades\"<\/h2>\t\t\t\t<\/div>\n\t\t<div class=\"elementor-element elementor-element-bd94e72 e-grid e-con-full e-con e-child\" data-id=\"bd94e72\" data-element_type=\"container\">\n\t\t\t\t<div class=\"elementor-element elementor-element-57def6b elementor-widget elementor-widget-text-editor\" data-id=\"57def6b\" data-element_type=\"widget\" data-widget_type=\"text-editor.default\">\n\t\t\t\t\t\t\t\t\t<p>(<img decoding=\"async\" class=\"emoji\" role=\"img\" draggable=\"false\" src=\"https:\/\/s.w.org\/images\/core\/emoji\/16.0.1\/svg\/2696.svg\" alt=\"\u2696\ufe0f\" \/>) \u00abIntestados y Tr\u00e1mites\u00bb<\/p>\t\t\t\t\t\t\t\t<\/div>\n\t\t\t\t<div class=\"elementor-element elementor-element-1e78e37 elementor-widget elementor-widget-text-editor\" data-id=\"1e78e37\" data-element_type=\"widget\" data-widget_type=\"text-editor.default\">\n\t\t\t\t\t\t\t\t\t<p>(\ud83d\udcb8)\u00bbAdeudos y Cargas\u00bb<\/p>\t\t\t\t\t\t\t\t<\/div>\n\t\t\t\t<div class=\"elementor-element elementor-element-ede0bff elementor-widget elementor-widget-text-editor\" data-id=\"ede0bff\" data-element_type=\"widget\" data-widget_type=\"text-editor.default\">\n\t\t\t\t\t\t\t\t\t<p>( \ud83d\udee0\ufe0f) \u00abRemodelaci\u00f3n Total\u00bb<\/p>\t\t\t\t\t\t\t\t<\/div>\n\t\t\t\t<div class=\"elementor-element elementor-element-47c3dd4 elementor-widget elementor-widget-text-editor\" data-id=\"47c3dd4\" data-element_type=\"widget\" data-widget_type=\"text-editor.default\">\n\t\t\t\t\t\t\t\t\t<p>(\ud83c\udfe0) \u00abTraspasos Infonavit\u00bb<\/p>\t\t\t\t\t\t\t\t<\/div>\n\t\t\t\t<div class=\"elementor-element elementor-element-67527d8 elementor-widget elementor-widget-image\" data-id=\"67527d8\" data-element_type=\"widget\" data-widget_type=\"image.default\">\n\t\t\t\t\t\t\t\t\t\t\t\t\t\t\t<img decoding=\"async\" width=\"1024\" height=\"721\" src=\"https:\/\/dealbapropiedades.com.mx\/wp-content\/uploads\/2025\/11\/Logo_INFONAVIT.svg_-1024x721.png\" class=\"attachment-large size-large wp-image-24\" alt=\"\" srcset=\"https:\/\/dealbapropiedades.com.mx\/wp-content\/uploads\/2025\/11\/Logo_INFONAVIT.svg_-1024x721.png 1024w, https:\/\/dealbapropiedades.com.mx\/wp-content\/uploads\/2025\/11\/Logo_INFONAVIT.svg_-300x211.png 300w, https:\/\/dealbapropiedades.com.mx\/wp-content\/uploads\/2025\/11\/Logo_INFONAVIT.svg_-768x541.png 768w, https:\/\/dealbapropiedades.com.mx\/wp-content\/uploads\/2025\/11\/Logo_INFONAVIT.svg_-1536x1082.png 1536w, https:\/\/dealbapropiedades.com.mx\/wp-content\/uploads\/2025\/11\/Logo_INFONAVIT.svg_-2048x1442.png 2048w\" sizes=\"(max-width: 1024px) 100vw, 1024px\" \/>\t\t\t\t\t\t\t\t\t\t\t\t\t\t\t<\/div>\n\t\t\t\t<\/div>\n\t\t\t\t\t<\/div>\n\t\t\t\t<\/div>\n\t\t<div class=\"elementor-element elementor-element-a37026e e-con-full e-flex e-con e-parent\" data-id=\"a37026e\" data-element_type=\"container\" id=\"prueba.\" data-settings=\"{&quot;background_background&quot;:&quot;classic&quot;}\">\n\t\t\t\t<div class=\"elementor-element elementor-element-d227001 elementor-widget elementor-widget-heading\" data-id=\"d227001\" data-element_type=\"widget\" data-widget_type=\"heading.default\">\n\t\t\t\t\t<h2 class=\"elementor-heading-title elementor-size-default\">\"La Prueba: Antes y Despu\u00e9s\".<\/h2>\t\t\t\t<\/div>\n\t\t\t\t<div class=\"elementor-element elementor-element-974a9af elementor-widget__width-initial elementor-widget elementor-widget-shortcode\" data-id=\"974a9af\" data-element_type=\"widget\" data-widget_type=\"shortcode.default\">\n\t\t\t\t\t\t\t<div class=\"elementor-shortcode\">\n\t\t\t\n\t<style type=\"text\/css\">\n\t\t.slider-info-66.bafg-slider-info .bafg-slider-title {\n\t\t\t\t\t\t\tfont-size:\n\t\t\t\t\t22px\t\t\t\t;\n\t\t\t\n\t\t\t\n\t\t\t\t\t}\n\n\t\t.slider-info-66.bafg-slider-info .bafg-slider-description {\n\t\t\t\n\t\t\t\n\t\t\t\t\t}\n\t\t\n\t\t\n\t\t.slider-info-66.bafg-slider-info .bafg_slider_readmore_button {\n\t\t\t\n\t\t\t\n\t\t\t\n\t\t\t\n\t\t\t\n\t\t\ttext-align: center;\n\n\t\t\t\n\t\t\t\n\t\t\t\n\t\t\t\n\t\t\t\t\t}\n\n\t\t.slider-info-66.bafg-slider-info .bafg_slider_readmore_button:hover {\n\n\t\t\t\n\t\t\t\n\t\t\t\t\t}\n\t<\/style>\n\t\n\t\t\t<div class=\"bafg-twentytwenty-container slider-66  \"\n\t\t\t\tbafg-orientation=\"vertical\" bafg-default-offset=\"0.5\"\n\t\t\t\tbafg-before-label=\"Before\"\n\t\t\t\tbafg-after-label=\"After\" bafg-overlay=\"1\"\n\t\t\t\tbafg-move-slider-on-hover=\"\"\n\t\t\t\tbafg-click-to-move=\"\">\n\n\t\t\t\t\t\t\t\t<img class=\"skip-lazy\" data-skip-lazy\t\t\t\t\tsrc=\"https:\/\/dealbapropiedades.com.mx\/wp-content\/uploads\/2025\/11\/Gemini_Generated_Image_1dbbe1dbbe1dbbe1.png\" alt=\"\">\n\t\t\t\t<img class=\"skip-lazy\" data-skip-lazy\t\t\t\t\tsrc=\"https:\/\/dealbapropiedades.com.mx\/wp-content\/uploads\/2025\/11\/ChatGPT-Image-3-nov-2025-12_17_31-p.m.png\" alt=\"\">\n\n\t\t\t<\/div>\n\n\t\t\t\t<div class=\"bafg-slider-info-wraper\">\n\t\t<div style=\"\" class=\"slider-info-66 bafg-slider-info\">\n\t\t\t\t\t<\/div>\n\t<\/div>\n\t\n\t\t\t<style type=\"text\/css\">\n\t\t\t\t\t\t\t\t\t\t\t<\/style>\n\t\t\t\n<\/div>\n\t\t\t\t\t\t<\/div>\n\t\t\t\t<\/div>\n\t\t<div class=\"elementor-element elementor-element-770ba2d e-flex e-con-boxed e-con e-parent\" data-id=\"770ba2d\" data-element_type=\"container\" id=\"filosofia\" data-settings=\"{&quot;background_background&quot;:&quot;classic&quot;}\">\n\t\t\t\t\t<div class=\"e-con-inner\">\n\t\t\t\t<div class=\"elementor-element elementor-element-681bff8 elementor-widget elementor-widget-heading\" data-id=\"681bff8\" data-element_type=\"widget\" data-widget_type=\"heading.default\">\n\t\t\t\t\t<h2 class=\"elementor-heading-title elementor-size-default\">\"Nuestra Filosof\u00eda\"<\/h2>\t\t\t\t<\/div>\n\t\t<div class=\"elementor-element elementor-element-65d364c e-con-full e-flex e-con e-child\" data-id=\"65d364c\" data-element_type=\"container\">\n\t\t\t\t<div class=\"elementor-element elementor-element-3707748 elementor-widget elementor-widget-text-editor\" data-id=\"3707748\" data-element_type=\"widget\" data-widget_type=\"text-editor.default\">\n\t\t\t\t\t\t\t\t\t<p>\u00abMisi\u00f3n\u00bb:<\/p><p>\u00abSolucionar problemas inmobiliarios complejos con agilidad, transparencia y ofertas justas. Revitalizamos el patrimonio de Guadalajara, transformando propiedades obsoletas y creando valor tangible para vendedores, compradores e inversionistas.\u00bb<\/p><h4>\u00a0<\/h4>\t\t\t\t\t\t\t\t<\/div>\n\t\t\t\t<\/div>\n\t\t<div class=\"elementor-element elementor-element-1cbd62e e-con-full e-flex e-con e-child\" data-id=\"1cbd62e\" data-element_type=\"container\">\n\t\t\t\t<div class=\"elementor-element elementor-element-88ae42b elementor-widget elementor-widget-text-editor\" data-id=\"88ae42b\" data-element_type=\"widget\" data-widget_type=\"text-editor.default\">\n\t\t\t\t\t\t\t\t\t<p>\u00abVisi\u00f3n\u00bb:<\/p><p>\u00abSer la firma de <i>house flipping<\/i> y soluciones inmobiliarias l\u00edder y de mayor confianza en Jalisco, reconocidos por nuestra integridad, la calidad superior de nuestros dise\u00f1os y nuestra capacidad infalible para convertir cualquier desaf\u00edo en una oportunidad ganadora.\u00bb<\/p><p>\u00a0<\/p><h4>\u00a0<\/h4>\t\t\t\t\t\t\t\t<\/div>\n\t\t\t\t<\/div>\n\t\t<div class=\"elementor-element elementor-element-e09911b e-con-full e-flex e-con e-child\" data-id=\"e09911b\" data-element_type=\"container\">\n\t\t\t\t<div class=\"elementor-element elementor-element-80307fe elementor-widget elementor-widget-text-editor\" data-id=\"80307fe\" data-element_type=\"widget\" data-widget_type=\"text-editor.default\">\n\t\t\t\t\t\t\t\t\t<p>\u00abValores\u00bb<\/p><div id=\"model-response-message-contentr_7129d73737c5432f\" class=\"markdown markdown-main-panel enable-updated-hr-color\" dir=\"ltr\" aria-live=\"off\" aria-busy=\"false\"><ul><li><p><b>( \u2696\ufe0f) Integridad:<\/b> Actuamos con total transparencia. Cada oferta es justa y cada proceso se maneja con una honestidad inquebrantable.<\/p><\/li><li><p><b>(\u23f1\ufe0f) Eficiencia:<\/b> Entendemos que el tiempo es crucial. Nos movemos r\u00e1pido para resolver tu situaci\u00f3n y entregarte liquidez sin demoras.<\/p><\/li><li><p><b>( \ud83d\udc8e) Calidad:<\/b> No solo reparamos, transformamos. Nuestros est\u00e1ndares de dise\u00f1o y construcci\u00f3n son nuestra mejor carta de presentaci\u00f3n.<\/p><\/li><li><p><b>( \ud83d\udd11) Resoluci\u00f3n:<\/b> No vemos problemas, vemos retos. Somos especialistas en encontrar la \u00abllave\u00bb para destrabar el valor de propiedades complejas.<\/p><\/li><\/ul><\/div>\t\t\t\t\t\t\t\t<\/div>\n\t\t\t\t<\/div>\n\t\t\t\t\t<\/div>\n\t\t\t\t<\/div>\n\t\t<div class=\"elementor-element elementor-element-0512378 e-flex e-con-boxed e-con e-parent\" data-id=\"0512378\" data-element_type=\"container\" data-settings=\"{&quot;background_background&quot;:&quot;classic&quot;}\">\n\t\t\t\t\t<div class=\"e-con-inner\">\n\t\t<div class=\"elementor-element elementor-element-eb6f22d e-con-full e-flex e-con e-child\" data-id=\"eb6f22d\" data-element_type=\"container\">\n\t\t\t\t<div class=\"elementor-element elementor-element-0fe0d93 elementor-widget elementor-widget-heading\" data-id=\"0fe0d93\" data-element_type=\"widget\" data-widget_type=\"heading.default\">\n\t\t\t\t\t<h2 class=\"elementor-heading-title elementor-size-default\">\"Convierte tu Propiedad en Efectivo\".<\/h2>\t\t\t\t<\/div>\n\t\t\t\t<div class=\"elementor-element elementor-element-9537ad0 elementor-widget elementor-widget-button\" data-id=\"9537ad0\" data-element_type=\"widget\" data-widget_type=\"button.default\">\n\t\t\t\t\t\t\t\t\t\t<a class=\"elementor-button elementor-button-link elementor-size-sm\" href=\"https:\/\/wa.me\/523314172441\">\n\t\t\t\t\t\t<span class=\"elementor-button-content-wrapper\">\n\t\t\t\t\t\t<span class=\"elementor-button-icon\">\n\t\t\t\t<svg aria-hidden=\"true\" class=\"e-font-icon-svg e-fab-whatsapp\" viewBox=\"0 0 448 512\" xmlns=\"http:\/\/www.w3.org\/2000\/svg\"><path d=\"M380.9 97.1C339 55.1 283.2 32 223.9 32c-122.4 0-222 99.6-222 222 0 39.1 10.2 77.3 29.6 111L0 480l117.7-30.9c32.4 17.7 68.9 27 106.1 27h.1c122.3 0 224.1-99.6 224.1-222 0-59.3-25.2-115-67.1-157zm-157 341.6c-33.2 0-65.7-8.9-94-25.7l-6.7-4-69.8 18.3L72 359.2l-4.4-7c-18.5-29.4-28.2-63.3-28.2-98.2 0-101.7 82.8-184.5 184.6-184.5 49.3 0 95.6 19.2 130.4 54.1 34.8 34.9 56.2 81.2 56.1 130.5 0 101.8-84.9 184.6-186.6 184.6zm101.2-138.2c-5.5-2.8-32.8-16.2-37.9-18-5.1-1.9-8.8-2.8-12.5 2.8-3.7 5.6-14.3 18-17.6 21.8-3.2 3.7-6.5 4.2-12 1.4-32.6-16.3-54-29.1-75.5-66-5.7-9.8 5.7-9.1 16.3-30.3 1.8-3.7.9-6.9-.5-9.7-1.4-2.8-12.5-30.1-17.1-41.2-4.5-10.8-9.1-9.3-12.5-9.5-3.2-.2-6.9-.2-10.6-.2-3.7 0-9.7 1.4-14.8 6.9-5.1 5.6-19.4 19-19.4 46.3 0 27.3 19.9 53.7 22.6 57.4 2.8 3.7 39.1 59.7 94.8 83.8 35.2 15.2 49 16.5 66.6 13.9 10.7-1.6 32.8-13.4 37.4-26.4 4.6-13 4.6-24.1 3.2-26.4-1.3-2.5-5-3.9-10.5-6.6z\"><\/path><\/svg>\t\t\t<\/span>\n\t\t\t\t\t\t\t\t\t<span class=\"elementor-button-text\">\"Enviar WhatsApp Ahora\"<\/span>\n\t\t\t\t\t<\/span>\n\t\t\t\t\t<\/a>\n\t\t\t\t\t\t\t\t<\/div>\n\t\t\t\t<div class=\"elementor-element elementor-element-61fc92f elementor-widget elementor-widget-text-editor\" data-id=\"61fc92f\" data-element_type=\"widget\" data-widget_type=\"text-editor.default\">\n\t\t\t\t\t\t\t\t\t<p>Env\u00edanos un mensaje para una evaluaci\u00f3n gratuita. \u00a1Recibe una oferta hoy mismo!\u00bb<\/p>\t\t\t\t\t\t\t\t<\/div>\n\t\t\t\t<\/div>\n\t\t<div class=\"elementor-element elementor-element-4dc79d4 e-con-full e-flex e-con e-child\" data-id=\"4dc79d4\" data-element_type=\"container\">\n\t\t\t\t<div class=\"elementor-element elementor-element-dc0fe5d elementor-widget elementor-widget-heading\" data-id=\"dc0fe5d\" data-element_type=\"widget\" data-widget_type=\"heading.default\">\n\t\t\t\t\t<h2 class=\"elementor-heading-title elementor-size-default\">\"Nuestras redes sociales\".<\/h2>\t\t\t\t<\/div>\n\t\t\t\t<div class=\"elementor-element elementor-element-0f706f5 elementor-shape-rounded elementor-grid-0 e-grid-align-center elementor-widget elementor-widget-social-icons\" data-id=\"0f706f5\" data-element_type=\"widget\" data-widget_type=\"social-icons.default\">\n\t\t\t\t\t\t\t<div class=\"elementor-social-icons-wrapper elementor-grid\" role=\"list\">\n\t\t\t\t\t\t\t<span class=\"elementor-grid-item\" role=\"listitem\">\n\t\t\t\t\t<a class=\"elementor-icon elementor-social-icon elementor-social-icon-facebook elementor-repeater-item-11fdaee\" target=\"_blank\">\n\t\t\t\t\t\t<span class=\"elementor-screen-only\">Facebook<\/span>\n\t\t\t\t\t\t<svg aria-hidden=\"true\" class=\"e-font-icon-svg e-fab-facebook\" viewBox=\"0 0 512 512\" xmlns=\"http:\/\/www.w3.org\/2000\/svg\"><path d=\"M504 256C504 119 393 8 256 8S8 119 8 256c0 123.78 90.69 226.38 209.25 245V327.69h-63V256h63v-54.64c0-62.15 37-96.48 93.67-96.48 27.14 0 55.52 4.84 55.52 4.84v61h-31.28c-30.8 0-40.41 19.12-40.41 38.73V256h68.78l-11 71.69h-57.78V501C413.31 482.38 504 379.78 504 256z\"><\/path><\/svg>\t\t\t\t\t<\/a>\n\t\t\t\t<\/span>\n\t\t\t\t\t\t\t<span class=\"elementor-grid-item\" role=\"listitem\">\n\t\t\t\t\t<a class=\"elementor-icon elementor-social-icon elementor-social-icon-instagram elementor-repeater-item-2cb8bd1\" target=\"_blank\">\n\t\t\t\t\t\t<span class=\"elementor-screen-only\">Instagram<\/span>\n\t\t\t\t\t\t<svg aria-hidden=\"true\" class=\"e-font-icon-svg e-fab-instagram\" viewBox=\"0 0 448 512\" xmlns=\"http:\/\/www.w3.org\/2000\/svg\"><path d=\"M224.1 141c-63.6 0-114.9 51.3-114.9 114.9s51.3 114.9 114.9 114.9S339 319.5 339 255.9 287.7 141 224.1 141zm0 189.6c-41.1 0-74.7-33.5-74.7-74.7s33.5-74.7 74.7-74.7 74.7 33.5 74.7 74.7-33.6 74.7-74.7 74.7zm146.4-194.3c0 14.9-12 26.8-26.8 26.8-14.9 0-26.8-12-26.8-26.8s12-26.8 26.8-26.8 26.8 12 26.8 26.8zm76.1 27.2c-1.7-35.9-9.9-67.7-36.2-93.9-26.2-26.2-58-34.4-93.9-36.2-37-2.1-147.9-2.1-184.9 0-35.8 1.7-67.6 9.9-93.9 36.1s-34.4 58-36.2 93.9c-2.1 37-2.1 147.9 0 184.9 1.7 35.9 9.9 67.7 36.2 93.9s58 34.4 93.9 36.2c37 2.1 147.9 2.1 184.9 0 35.9-1.7 67.7-9.9 93.9-36.2 26.2-26.2 34.4-58 36.2-93.9 2.1-37 2.1-147.8 0-184.8zM398.8 388c-7.8 19.6-22.9 34.7-42.6 42.6-29.5 11.7-99.5 9-132.1 9s-102.7 2.6-132.1-9c-19.6-7.8-34.7-22.9-42.6-42.6-11.7-29.5-9-99.5-9-132.1s-2.6-102.7 9-132.1c7.8-19.6 22.9-34.7 42.6-42.6 29.5-11.7 99.5-9 132.1-9s102.7-2.6 132.1 9c19.6 7.8 34.7 22.9 42.6 42.6 11.7 29.5 9 99.5 9 132.1s2.7 102.7-9 132.1z\"><\/path><\/svg>\t\t\t\t\t<\/a>\n\t\t\t\t<\/span>\n\t\t\t\t\t<\/div>\n\t\t\t\t\t\t<\/div>\n\t\t\t\t<\/div>\n\t\t\t\t\t<\/div>\n\t\t\t\t<\/div>\n\t\t\t\t<\/div>\n\t\t","protected":false},"excerpt":{"rendered":"<p>Transformamos Propiedades. Solucionamos Problemas. \u00abSomos De Alba Propiedades\u00bb \u00bfQui\u00e9nes somos? Somos De Alba Propiedades, un equipo de solucionadores apasionados por [&hellip;]<\/p>\n","protected":false},"author":1,"featured_media":0,"parent":0,"menu_order":0,"comment_status":"closed","ping_status":"closed","template":"","meta":{"site-sidebar-layout":"no-sidebar","site-content-layout":"","ast-site-content-layout":"full-width-container","site-content-style":"default","site-sidebar-style":"default","ast-global-header-display":"disabled","ast-banner-title-visibility":"","ast-main-header-display":"","ast-hfb-above-header-display":"","ast-hfb-below-header-display":"","ast-hfb-mobile-header-display":"","site-post-title":"","ast-breadcrumbs-content":"","ast-featured-img":"disabled","footer-sml-layout":"disabled","theme-transparent-header-meta":"","adv-header-id-meta":"","stick-header-meta":"","header-above-stick-meta":"","header-main-stick-meta":"","header-below-stick-meta":"","astra-migrate-meta-layouts":"default","ast-page-background-enabled":"default","ast-page-background-meta":{"desktop":{"background-color":"var(--ast-global-color-5)","background-image":"","background-repeat":"repeat","background-position":"center center","background-size":"auto","background-attachment":"scroll","background-type":"","background-media":"","overlay-type":"","overlay-color":"","overlay-opacity":"","overlay-gradient":""},"tablet":{"background-color":"","background-image":"","background-repeat":"repeat","background-position":"center center","background-size":"auto","background-attachment":"scroll","background-type":"","background-media":"","overlay-type":"","overlay-color":"","overlay-opacity":"","overlay-gradient":""},"mobile":{"background-color":"","background-image":"","background-repeat":"repeat","background-position":"center center","background-size":"auto","background-attachment":"scroll","background-type":"","background-media":"","overlay-type":"","overlay-color":"","overlay-opacity":"","overlay-gradient":""}},"ast-content-background-meta":{"desktop":{"background-color":"var(--ast-global-color-4)","background-image":"","background-repeat":"repeat","background-position":"center center","background-size":"auto","background-attachment":"scroll","background-type":"","background-media":"","overlay-type":"","overlay-color":"","overlay-opacity":"","overlay-gradient":""},"tablet":{"background-color":"var(--ast-global-color-4)","background-image":"","background-repeat":"repeat","background-position":"center center","background-size":"auto","background-attachment":"scroll","background-type":"","background-media":"","overlay-type":"","overlay-color":"","overlay-opacity":"","overlay-gradient":""},"mobile":{"background-color":"var(--ast-global-color-4)","background-image":"","background-repeat":"repeat","background-position":"center center","background-size":"auto","background-attachment":"scroll","background-type":"","background-media":"","overlay-type":"","overlay-color":"","overlay-opacity":"","overlay-gradient":""}},"footnotes":""},"class_list":["post-43","page","type-page","status-publish","hentry"],"_links":{"self":[{"href":"https:\/\/dealbapropiedades.com.mx\/index.php\/wp-json\/wp\/v2\/pages\/43","targetHints":{"allow":["GET"]}}],"collection":[{"href":"https:\/\/dealbapropiedades.com.mx\/index.php\/wp-json\/wp\/v2\/pages"}],"about":[{"href":"https:\/\/dealbapropiedades.com.mx\/index.php\/wp-json\/wp\/v2\/types\/page"}],"author":[{"embeddable":true,"href":"https:\/\/dealbapropiedades.com.mx\/index.php\/wp-json\/wp\/v2\/users\/1"}],"replies":[{"embeddable":true,"href":"https:\/\/dealbapropiedades.com.mx\/index.php\/wp-json\/wp\/v2\/comments?post=43"}],"version-history":[{"count":11,"href":"https:\/\/dealbapropiedades.com.mx\/index.php\/wp-json\/wp\/v2\/pages\/43\/revisions"}],"predecessor-version":[{"id":73,"href":"https:\/\/dealbapropiedades.com.mx\/index.php\/wp-json\/wp\/v2\/pages\/43\/revisions\/73"}],"wp:attachment":[{"href":"https:\/\/dealbapropiedades.com.mx\/index.php\/wp-json\/wp\/v2\/media?parent=43"}],"curies":[{"name":"wp","href":"https:\/\/api.w.org\/{rel}","templated":true}]}}